{"id":2140,"date":"2020-11-26T08:27:31","date_gmt":"2020-11-26T06:27:31","guid":{"rendered":"https:\/\/philippelejeune.com\/uk\/?page_id=2140"},"modified":"2020-11-26T08:32:19","modified_gmt":"2020-11-26T06:32:19","slug":"privacy-policy","status":"publish","type":"page","link":"https:\/\/philippelejeune.com\/uk\/privacy-policy\/","title":{"rendered":"Privacy Policy"},"content":{"rendered":"<p>[et_pb_section fb_built=&#8221;1&#8243; fullwidth=&#8221;on&#8221; _builder_version=&#8221;3.22&#8243;][et_pb_fullwidth_slider show_arrows=&#8221;off&#8221; show_pagination=&#8221;off&#8221; _builder_version=&#8221;4.7.4&#8243; parallax=&#8221;on&#8221; custom_padding=&#8221;|||&#8221; hover_enabled=&#8221;0&#8243; box_shadow_style=&#8221;preset6&#8243; box_shadow_blur=&#8221;10px&#8221; box_shadow_color=&#8221;rgba(0,0,0,0.1)&#8221; remove_inner_shadow=&#8221;off&#8221; hide_content_on_mobile=&#8221;off&#8221; hide_cta_on_mobile=&#8221;off&#8221; show_inner_shadow=&#8221;on&#8221; button_text_size__hover_enabled=&#8221;off&#8221; button_one_text_size__hover_enabled=&#8221;off&#8221; button_two_text_size__hover_enabled=&#8221;off&#8221; button_text_color__hover_enabled=&#8221;off&#8221; button_one_text_color__hover_enabled=&#8221;off&#8221; button_two_text_color__hover_enabled=&#8221;off&#8221; button_border_width__hover_enabled=&#8221;off&#8221; button_one_border_width__hover_enabled=&#8221;off&#8221; button_two_border_width__hover_enabled=&#8221;off&#8221; button_border_color__hover_enabled=&#8221;off&#8221; button_one_border_color__hover_enabled=&#8221;off&#8221; button_two_border_color__hover_enabled=&#8221;off&#8221; button_border_radius__hover_enabled=&#8221;off&#8221; button_one_border_radius__hover_enabled=&#8221;off&#8221; button_two_border_radius__hover_enabled=&#8221;off&#8221; button_letter_spacing__hover_enabled=&#8221;off&#8221; button_one_letter_spacing__hover_enabled=&#8221;off&#8221; button_two_letter_spacing__hover_enabled=&#8221;off&#8221; button_bg_color__hover_enabled=&#8221;off&#8221; button_one_bg_color__hover_enabled=&#8221;off&#8221; button_two_bg_color__hover_enabled=&#8221;off&#8221; sticky_enabled=&#8221;0&#8243;][et_pb_slide heading=&#8221;Privacy Policy&#8221; use_bg_overlay=&#8221;off&#8221; use_text_overlay=&#8221;off&#8221; _builder_version=&#8221;4.7.4&#8243; header_font=&#8221;||||&#8221; body_font=&#8221;||||&#8221; background_color=&#8221;#ffffff&#8221; background_image=&#8221;https:\/\/philippelejeune.com\/uk\/wp-content\/uploads\/sites\/2\/2020\/11\/Philippe-Lejeune-Politique-de-confidentialite.jpg&#8221; background_enable_image=&#8221;on&#8221; background_position=&#8221;bottom_center&#8221; button_on_hover=&#8221;on&#8221; background_layout=&#8221;light&#8221; hover_enabled=&#8221;0&#8243; button_text_size__hover_enabled=&#8221;off&#8221; button_one_text_size__hover_enabled=&#8221;off&#8221; button_two_text_size__hover_enabled=&#8221;off&#8221; button_text_color__hover_enabled=&#8221;off&#8221; button_one_text_color__hover_enabled=&#8221;off&#8221; button_two_text_color__hover_enabled=&#8221;off&#8221; button_border_width__hover_enabled=&#8221;off&#8221; button_one_border_width__hover_enabled=&#8221;off&#8221; button_two_border_width__hover_enabled=&#8221;off&#8221; button_border_color__hover_enabled=&#8221;off&#8221; button_one_border_color__hover_enabled=&#8221;off&#8221; button_two_border_color__hover_enabled=&#8221;off&#8221; button_border_radius__hover_enabled=&#8221;off&#8221; button_one_border_radius__hover_enabled=&#8221;off&#8221; button_two_border_radius__hover_enabled=&#8221;off&#8221; button_letter_spacing__hover_enabled=&#8221;off&#8221; button_one_letter_spacing__hover_enabled=&#8221;off&#8221; button_two_letter_spacing__hover_enabled=&#8221;off&#8221; button_bg_color__hover_enabled=&#8221;off&#8221; button_one_bg_color__hover_enabled=&#8221;off&#8221; button_two_bg_color__hover_enabled=&#8221;off&#8221; sticky_transition=&#8221;on&#8221; sticky_enabled=&#8221;0&#8243;]&nbsp;<\/p>\n<p>&nbsp;<\/p>\n<p>&nbsp;<\/p>\n<p>&nbsp;[\/et_pb_slide][\/et_pb_fullwidth_slider][\/et_pb_section][et_pb_section fb_built=&#8221;1&#8243; admin_label=&#8221;section&#8221; _builder_version=&#8221;4.7.4&#8243; custom_padding=&#8221;|0px|0px|0px&#8221; custom_padding_tablet=&#8221;|0px|0px|0px&#8221; transparent_background=&#8221;off&#8221; padding_mobile=&#8221;on&#8221;][et_pb_row _builder_version=&#8221;3.25&#8243; background_size=&#8221;initial&#8221; background_position=&#8221;top_left&#8221; background_repeat=&#8221;repeat&#8221;][et_pb_column type=&#8221;4_4&#8243; _builder_version=&#8221;3.25&#8243; custom_padding=&#8221;|||&#8221; custom_padding__hover=&#8221;|||&#8221;][et_pb_accordion open_toggle_text_color=&#8221;#cd5c5c&#8221; open_toggle_background_color=&#8221;#ffffff&#8221; closed_toggle_background_color=&#8221;#ffffff&#8221; icon_color=&#8221;#cd5c5c&#8221; _builder_version=&#8221;4.7.4&#8243; toggle_text_color=&#8221;#cd5c5c&#8221; toggle_level=&#8221;h4&#8243; background_color=&#8221;#ffffff&#8221; hover_enabled=&#8221;0&#8243; sticky_enabled=&#8221;0&#8243;][et_pb_accordion_item title=&#8221;Introduction&#8221; open=&#8221;on&#8221; _builder_version=&#8221;4.7.4&#8243; hover_enabled=&#8221;0&#8243; sticky_enabled=&#8221;0&#8243;]<\/p>\n<p>Philippe LeJeune&#8217;s &#8220;Jazz Vivant&#8221; association is committed to protecting your privacy and takes compliance with its obligations regarding the security of the information of its Internet users very seriously. We are clear and transparent about the information we collect and how we use it.<\/p>\n<p>This privacy policy states the following:<\/p>\n<ul>\n<li>What personal data do we collect<\/li>\n<li>Who has access to and controls this data<\/li>\n<li>For what purposes we use this data and for how long<\/li>\n<li>How we protect the sending of your data<\/li>\n<li>What use we make of cookies saved by your browser<\/li>\n<li>How we approach your data protection rights<\/li>\n<\/ul>\n<p>&nbsp;<\/p>\n<p>All personal data is collected and processed in accordance with Articles 13 and 14 of General Regulation (EU) 2016\/679 on data protection of the European Parliament and of the Council of April 27, 2016 and Article 32 of the &#8220;IT and freedoms \u201dof January 6, 1978, amended in 2004.<\/p>\n<p>[\/et_pb_accordion_item][et_pb_accordion_item title=&#8221;Donn\u00e9es Personnelles que nous collectons&#8221; _builder_version=&#8221;4.7.4&#8243; open=&#8221;off&#8221;]<\/p>\n<p>Par \u00ab\u00a0donn\u00e9es personnelles\u00a0\u00bb nous entendons toutes donn\u00e9es vous concernant qui nous permettent de vous identifier, telles que votre nom ainsi que les coordonn\u00e9es nous permettons de vous recontacter.<\/p>\n<p>Les informations recueillies par le biais de ce site se font \u00e0 travers le formulaire int\u00e9gr\u00e9 \u00e0 la page contact.<\/p>\n<p>L&#8217;envoi de ce formulaire ne peut \u00eatre effectif qu&#8217;apr\u00e8s avoir obtenu votre consentement.<\/p>\n<p>[\/et_pb_accordion_item][et_pb_accordion_item title=&#8221;Destinataire &#038; Contr\u00f4leur des donn\u00e9es&#8221; _builder_version=&#8221;4.7.4&#8243; open=&#8221;off&#8221;]<\/p>\n<p>Le destinataire de donn\u00e9es est Philippe LeJeune, pianiste, dont l&#8217;Association &#8220;Jazz vivant&#8221; est joignable par voie postale \u00e0 l&#8217;adresse : BP 82065 \u2013 31018 TOULOUSE CEDEX 2.<\/p>\n<p>Philippe LeJeune est \u00e9galement la personne responsable du contr\u00f4le de ces donn\u00e9es.<\/p>\n<p>[\/et_pb_accordion_item][et_pb_accordion_item title=&#8221;A quelles fins nous utilisons vos donn\u00e9es personnelles et pour combien de temps&#8221; _builder_version=&#8221;4.7.4&#8243; open=&#8221;off&#8221;]<\/p>\n<p>Les informations recueillies qui font l\u2019objet d\u2019un traitement informatique sont destin\u00e9es \u00e0 la prise de rendez-vous ou \u00e0 l\u2019\u00e9tablissement d\u2019un devis.<\/p>\n<p>Ces donn\u00e9es sont conserv\u00e9es pour une demande de devis le temps d\u2019\u00e9tablissement de ce devis si aucune suite n\u2019est donn\u00e9e soit 15 jours maximum, si une suite est donn\u00e9e et que la prestation est confi\u00e9e \u00e0 Philippe LeJeune, les donn\u00e9es seront conserv\u00e9es durant 5 ans \u00e0 compter du dernier acte juridique accompli.<\/p>\n<p>Pour la prise de rendez-vous, les donn\u00e9es seront conserv\u00e9es 5 ans \u00e0 compter de la date de consultation (ceci si un rendez-vous est fix\u00e9 et si une consultation est d\u00e9livr\u00e9e). Dans l\u2019hypoth\u00e8se o\u00f9 la personne concern\u00e9e n\u2019honore pas son rendez-vous, les donn\u00e9es seront effac\u00e9es le jour suivant du rendez-vous non honor\u00e9.<\/p>\n<p>[\/et_pb_accordion_item][et_pb_accordion_item title=&#8221;Protection de l&#8217;envoi de vos donn\u00e9es personnelles&#8221; _builder_version=&#8221;4.7.4&#8243; open=&#8221;off&#8221;]Nous suivons des proc\u00e9dures de s\u00e9curit\u00e9 strictes quant \u00e0 la conservation et la divulgation de vos donn\u00e9es personnelles, et pour les prot\u00e9ger contre la perte accidentelle, destruction ou alt\u00e9ration.<\/p>\n<p>Les donn\u00e9es que vous nous fournissez via les formulaires de ce site sont prot\u00e9g\u00e9es au moyen du protocole HTTPS (HyperText Transfer Protocol Secure). L&#8217;appel d&#8217;un certificat SSL install\u00e9 sur notre site est la m\u00e9thode utilis\u00e9e de cryptage des informations pour que celles-ci puissent \u00eatre transf\u00e9r\u00e9es en toute s\u00e9curit\u00e9 sur internet.[\/et_pb_accordion_item][et_pb_accordion_item title=&#8221;Cookies &#038; Suivi sur le site&#8221; _builder_version=&#8221;4.7.4&#8243; open=&#8221;off&#8221;]Les cookies sont de petits fichiers texte qui sont transf\u00e9r\u00e9s sur le disque dur de votre ordinateur via votre navigateur Web afin de faciliter votre navigation et nous permettre de mieux comprendre les pages qui seront les plus appropri\u00e9es pour vous.<\/p>\n<p>La plupart des navigateurs Web acceptent automatiquement les cookies, cependant, si vous le souhaitez, vous pouvez modifier ces param\u00e8tres de navigateur pour accepter, refuser et supprimer les cookies. La partie \u00ab aide \u00bb dans la barre d\u2019outils pour la plupart des navigateurs vous indiquera comment emp\u00eacher votre navigateur d\u2019accepter de nouveaux cookies, comment faire pour que le navigateur vous avertisse lorsque vous recevez un nouveau cookie ou comment d\u00e9sactiver les cookies.<\/p>\n<p>Les informations relatives \u00e0 la navigation de votre ordinateur sur notre site (les pages que vous avez consult\u00e9es, la date et l\u2019heure de la consultation, etc.) sont enregistr\u00e9es uniquement \u00e0 des fins statistiques via l\u2019utilisation de ces cookies.<\/p>\n<p>Ces cookies ne nous permettent pas de vous identifier.[\/et_pb_accordion_item][et_pb_accordion_item title=&#8221;Vos droits \u00e0 la protection des donn\u00e9es&#8221; _builder_version=&#8221;4.7.4&#8243; open=&#8221;off&#8221;]<\/p>\n<p>Conform\u00e9ment \u00e0 la loi, vous avez les droits suivants :<\/p>\n<ul>\n<li>Vous b\u00e9n\u00e9ficiez d\u2019un droit d\u2019acc\u00e8s, de rectification ou d\u2019effacement de vos donn\u00e9es personnelles que vous pouvez demander au responsable du traitement soit \u00e0 Philippe LeJeune.<\/li>\n<li>Vous b\u00e9n\u00e9ficiez du droit de demander une limitation du traitement de vos donn\u00e9es personnelles.<\/li>\n<li>Vous b\u00e9n\u00e9ficiez du droit de vous opposer au traitement de vos donn\u00e9es personnelles et du droit \u00e0 la portabilit\u00e9 de vos donn\u00e9es.<\/li>\n<li>Vous pouvez retirer votre consentement au traitement de vos donn\u00e9es personnelles et ceci \u00e0 tout moment en \u00e9crivant au responsable du traitement, soit \u00e0 Philippe LeJeune.<\/li>\n<li>Vous pouvez introduire une r\u00e9clamation aupr\u00e8s de la CNIL si vous estimez que la protection de vos donn\u00e9es personnelles n\u2019a pas \u00e9t\u00e9 assur\u00e9e par le responsable du traitement. \u00bb<\/li>\n<\/ul>\n<p>[\/et_pb_accordion_item][\/et_pb_accordion][\/et_pb_column][\/et_pb_row][\/et_pb_section]<\/p>\n","protected":false},"excerpt":{"rendered":"<p>&nbsp; &nbsp; &nbsp; &nbsp;Philippe LeJeune&#8217;s &#8220;Jazz Vivant&#8221; association is committed to protecting your privacy and takes compliance with its obligations regarding the security of the information of its Internet users very seriously. We are clear and transparent about the information we collect and how we use it. This privacy policy states the following: What personal [&hellip;]<\/p>\n","protected":false},"author":1,"featured_media":0,"parent":0,"menu_order":0,"comment_status":"closed","ping_status":"closed","template":"","meta":{"_et_pb_use_builder":"on","_et_pb_old_content":"","_et_gb_content_width":"","footnotes":""},"class_list":["post-2140","page","type-page","status-publish","hentry"],"_links":{"self":[{"href":"https:\/\/philippelejeune.com\/uk\/wp-json\/wp\/v2\/pages\/2140","targetHints":{"allow":["GET"]}}],"collection":[{"href":"https:\/\/philippelejeune.com\/uk\/wp-json\/wp\/v2\/pages"}],"about":[{"href":"https:\/\/philippelejeune.com\/uk\/wp-json\/wp\/v2\/types\/page"}],"author":[{"embeddable":true,"href":"https:\/\/philippelejeune.com\/uk\/wp-json\/wp\/v2\/users\/1"}],"replies":[{"embeddable":true,"href":"https:\/\/philippelejeune.com\/uk\/wp-json\/wp\/v2\/comments?post=2140"}],"version-history":[{"count":3,"href":"https:\/\/philippelejeune.com\/uk\/wp-json\/wp\/v2\/pages\/2140\/revisions"}],"predecessor-version":[{"id":2149,"href":"https:\/\/philippelejeune.com\/uk\/wp-json\/wp\/v2\/pages\/2140\/revisions\/2149"}],"wp:attachment":[{"href":"https:\/\/philippelejeune.com\/uk\/wp-json\/wp\/v2\/media?parent=2140"}],"curies":[{"name":"wp","href":"https:\/\/api.w.org\/{rel}","templated":true}]}}