{"id":2150,"date":"2020-11-26T08:54:13","date_gmt":"2020-11-26T06:54:13","guid":{"rendered":"https:\/\/philippelejeune.com\/uk\/?page_id=2150"},"modified":"2020-11-26T08:54:18","modified_gmt":"2020-11-26T06:54:18","slug":"legals-notices","status":"publish","type":"page","link":"https:\/\/philippelejeune.com\/uk\/legals-notices\/","title":{"rendered":"Legals Notices"},"content":{"rendered":"<p>[et_pb_section fb_built=&#8221;1&#8243; fullwidth=&#8221;on&#8221; _builder_version=&#8221;3.22&#8243; locked=&#8221;off&#8221;][et_pb_fullwidth_slider show_arrows=&#8221;off&#8221; show_pagination=&#8221;off&#8221; _builder_version=&#8221;4.7.4&#8243; parallax=&#8221;on&#8221; custom_padding=&#8221;|||&#8221; hover_enabled=&#8221;0&#8243; box_shadow_style=&#8221;preset6&#8243; box_shadow_blur=&#8221;10px&#8221; box_shadow_color=&#8221;rgba(0,0,0,0.1)&#8221; remove_inner_shadow=&#8221;off&#8221; hide_content_on_mobile=&#8221;off&#8221; hide_cta_on_mobile=&#8221;off&#8221; show_inner_shadow=&#8221;on&#8221; button_text_size__hover_enabled=&#8221;off&#8221; button_one_text_size__hover_enabled=&#8221;off&#8221; button_two_text_size__hover_enabled=&#8221;off&#8221; button_text_color__hover_enabled=&#8221;off&#8221; button_one_text_color__hover_enabled=&#8221;off&#8221; button_two_text_color__hover_enabled=&#8221;off&#8221; button_border_width__hover_enabled=&#8221;off&#8221; button_one_border_width__hover_enabled=&#8221;off&#8221; button_two_border_width__hover_enabled=&#8221;off&#8221; button_border_color__hover_enabled=&#8221;off&#8221; button_one_border_color__hover_enabled=&#8221;off&#8221; button_two_border_color__hover_enabled=&#8221;off&#8221; button_border_radius__hover_enabled=&#8221;off&#8221; button_one_border_radius__hover_enabled=&#8221;off&#8221; button_two_border_radius__hover_enabled=&#8221;off&#8221; button_letter_spacing__hover_enabled=&#8221;off&#8221; button_one_letter_spacing__hover_enabled=&#8221;off&#8221; button_two_letter_spacing__hover_enabled=&#8221;off&#8221; button_bg_color__hover_enabled=&#8221;off&#8221; button_one_bg_color__hover_enabled=&#8221;off&#8221; button_two_bg_color__hover_enabled=&#8221;off&#8221; sticky_enabled=&#8221;0&#8243;][et_pb_slide heading=&#8221;Legals Notices&#8221; use_bg_overlay=&#8221;off&#8221; use_text_overlay=&#8221;off&#8221; _builder_version=&#8221;4.7.4&#8243; header_font=&#8221;||||&#8221; body_font=&#8221;||||&#8221; background_color=&#8221;#ffffff&#8221; background_image=&#8221;https:\/\/philippelejeune.com\/uk\/wp-content\/uploads\/sites\/2\/2020\/11\/Philippe-Lejeune-Mentions-Legales-1.jpg&#8221; background_enable_image=&#8221;on&#8221; button_on_hover=&#8221;on&#8221; hover_enabled=&#8221;0&#8243; button_text_size__hover_enabled=&#8221;off&#8221; button_one_text_size__hover_enabled=&#8221;off&#8221; button_two_text_size__hover_enabled=&#8221;off&#8221; button_text_color__hover_enabled=&#8221;off&#8221; button_one_text_color__hover_enabled=&#8221;off&#8221; button_two_text_color__hover_enabled=&#8221;off&#8221; button_border_width__hover_enabled=&#8221;off&#8221; button_one_border_width__hover_enabled=&#8221;off&#8221; button_two_border_width__hover_enabled=&#8221;off&#8221; button_border_color__hover_enabled=&#8221;off&#8221; button_one_border_color__hover_enabled=&#8221;off&#8221; button_two_border_color__hover_enabled=&#8221;off&#8221; button_border_radius__hover_enabled=&#8221;off&#8221; button_one_border_radius__hover_enabled=&#8221;off&#8221; button_two_border_radius__hover_enabled=&#8221;off&#8221; button_letter_spacing__hover_enabled=&#8221;off&#8221; button_one_letter_spacing__hover_enabled=&#8221;off&#8221; button_two_letter_spacing__hover_enabled=&#8221;off&#8221; button_bg_color__hover_enabled=&#8221;off&#8221; button_one_bg_color__hover_enabled=&#8221;off&#8221; button_two_bg_color__hover_enabled=&#8221;off&#8221; sticky_transition=&#8221;on&#8221; sticky_enabled=&#8221;0&#8243;]&nbsp;<\/p>\n<p>&nbsp;<\/p>\n<p>&nbsp;<\/p>\n<p>&nbsp;[\/et_pb_slide][\/et_pb_fullwidth_slider][\/et_pb_section][et_pb_section fb_built=&#8221;1&#8243; _builder_version=&#8221;4.7.4&#8243; _module_preset=&#8221;default&#8221;][et_pb_row _builder_version=&#8221;4.7.4&#8243; _module_preset=&#8221;default&#8221;][et_pb_column type=&#8221;4_4&#8243; _builder_version=&#8221;4.7.4&#8243; _module_preset=&#8221;default&#8221;][et_pb_text _builder_version=&#8221;4.7.4&#8243; _module_preset=&#8221;default&#8221;]<\/p>\n<h2>Association &#8220;Jazz Vivant&#8221;<\/h2>\n<ul>\n<li>Date de publication : 03\/04\/1991<\/li>\n<li>RNA : W303001320<\/li>\n<li>Siren : 384058095<\/li>\n<li>Domaine d&#8217;activit\u00e9 : Culture<\/li>\n<\/ul>\n<h2>Adresse Postale<\/h2>\n<p>Association &#8220;Jazz Vivant&#8221;, Philippe LeJeune<br \/>BP 82065 \u2013\u00a031018 TOULOUSE CEDEX 2<br \/>France<\/p>\n<h2>T\u00e9l\u00e9phone<\/h2>\n<p>Vous pouvez nous joindre par t\u00e9l\u00e9phone du lundi au samedi de 8h \u00e0 19h au <a href=\"tel:0689340346\">06 89 34 03 46<\/a>.<\/p>\n<h2>Email<\/h2>\n<p>Pour toute question concernant nos mentions l\u00e9gales, vous pouvez nous joindre par email \u00e0 l\u2019adresse <a href=\"mailto:philip.lejeune@yahoo.fr\">philip.lejeune@yahoo.fr<\/a>.<\/p>\n<h2>Responsable de la publication<\/h2>\n<p>Philippe LeJeune, pianiste<\/p>\n<h2>H\u00e9bergement &amp; Application<\/h2>\n<p>H\u00e9bergeur :\u00a0LWS (<a title=\"H\u00e9bergeur LWS\" href=\"http:\/\/www.lws.fr\/\" target=\"_blank\" rel=\"noopener noreferrer\">www.lws.fr<\/a>\u00a0\u2013 Ligne Web Services)<\/p>\n<ul>\n<li>4, Rue Galvani<\/li>\n<li>75838 Paris Cedex 17<\/li>\n<li>France<\/li>\n<\/ul>\n<p>Contact technique :\u00a0<a title=\"Probl\u00e8me technique ou question : contactez-nous\" href=\"mailto:webmaster@3wconsult.com\">webmaster@3wconsult.com<\/a><br \/>Ce site internet a \u00e9t\u00e9 r\u00e9alis\u00e9 en utilisant la solution open-source\u00a0<a href=\"https:\/\/fr.wordpress.org\/\" target=\"_blank\" rel=\"noopener noreferrer\">WordPress\u2122<\/a>.<br \/>Th\u00e8me d\u00e9velopp\u00e9 par\u00a0<a title=\"Elegant Th\u00e8mes\" href=\"https:\/\/www.elegantthemes.com\/\" target=\"_blank\" rel=\"noopener noreferrer\">Elegant Th\u00e8mes<\/a>.<\/p>\n<h2>Donn\u00e9es Personnelles &amp; Confidentialit\u00e9<\/h2>\n<p>Aucune information personnelle n\u2019est collect\u00e9e \u00e0 votre insu.<br \/>Aucune information personnelle n\u2019est c\u00e9d\u00e9e \u00e0 des tiers.<\/p>\n<p>Toutes les donn\u00e9es personnelles sont collect\u00e9es et trait\u00e9es conform\u00e9ment aux articles 13 et 14 du R\u00e8glement (UE) g\u00e9n\u00e9ral 2016\/679 sur la protection des donn\u00e9es du Parlement europ\u00e9en et du Conseil du 27 avril 2016 et de l\u2019article 32 de la loi \u00ab informatique et libert\u00e9s \u00bb du 6 janvier 1978 modifi\u00e9e en 2004.<\/p>\n<p>Pour plus de d\u00e9tails, consultez notre page\u00a0<a href=\"https:\/\/philippelejeune.com\/politique-confidentialite\/\">\u00ab Politique de Confidentialit\u00e9 de l&#8217;Association Jazz Vivant \u00bb<\/a>.<\/p>\n<h2>Propri\u00e9t\u00e9 Intellectuelle<\/h2>\n<p>L\u2019ensemble de ce site rel\u00e8ve des l\u00e9gislations fran\u00e7aises et internationales sur les droits d\u2019auteur et la propri\u00e9t\u00e9 intellectuelle.<\/p>\n<p>Les photographies, textes, slogans sont la propri\u00e9t\u00e9 de Philippe LeJeune ou de tiers les ayant autoris\u00e9 \u00e0 les utiliser.<\/p>\n<p>[\/et_pb_text][\/et_pb_column][\/et_pb_row][\/et_pb_section]<\/p>\n","protected":false},"excerpt":{"rendered":"<p>&nbsp; &nbsp; &nbsp; &nbsp;Association &#8220;Jazz Vivant&#8221; Date de publication : 03\/04\/1991 RNA : W303001320 Siren : 384058095 Domaine d&#8217;activit\u00e9 : Culture Adresse Postale Association &#8220;Jazz Vivant&#8221;, Philippe LeJeuneBP 82065 \u2013\u00a031018 TOULOUSE CEDEX 2France T\u00e9l\u00e9phone Vous pouvez nous joindre par t\u00e9l\u00e9phone du lundi au samedi de 8h \u00e0 19h au 06 89 34 03 46. Email [&hellip;]<\/p>\n","protected":false},"author":1,"featured_media":0,"parent":0,"menu_order":0,"comment_status":"closed","ping_status":"closed","template":"","meta":{"_et_pb_use_builder":"on","_et_pb_old_content":"","_et_gb_content_width":"","footnotes":""},"class_list":["post-2150","page","type-page","status-publish","hentry"],"_links":{"self":[{"href":"https:\/\/philippelejeune.com\/uk\/wp-json\/wp\/v2\/pages\/2150","targetHints":{"allow":["GET"]}}],"collection":[{"href":"https:\/\/philippelejeune.com\/uk\/wp-json\/wp\/v2\/pages"}],"about":[{"href":"https:\/\/philippelejeune.com\/uk\/wp-json\/wp\/v2\/types\/page"}],"author":[{"embeddable":true,"href":"https:\/\/philippelejeune.com\/uk\/wp-json\/wp\/v2\/users\/1"}],"replies":[{"embeddable":true,"href":"https:\/\/philippelejeune.com\/uk\/wp-json\/wp\/v2\/comments?post=2150"}],"version-history":[{"count":2,"href":"https:\/\/philippelejeune.com\/uk\/wp-json\/wp\/v2\/pages\/2150\/revisions"}],"predecessor-version":[{"id":2153,"href":"https:\/\/philippelejeune.com\/uk\/wp-json\/wp\/v2\/pages\/2150\/revisions\/2153"}],"wp:attachment":[{"href":"https:\/\/philippelejeune.com\/uk\/wp-json\/wp\/v2\/media?parent=2150"}],"curies":[{"name":"wp","href":"https:\/\/api.w.org\/{rel}","templated":true}]}}